{"id":22613,"date":"2025-05-13T15:35:40","date_gmt":"2025-05-13T19:35:40","guid":{"rendered":"https:\/\/confluenceslab.uqat.ca\/?page_id=22613"},"modified":"2025-10-06T17:11:17","modified_gmt":"2025-10-06T21:11:17","slug":"a-propos","status":"publish","type":"page","link":"https:\/\/confluenceslab.uqat.ca\/index.php\/a-propos\/","title":{"rendered":"\u00c0 propos"},"content":{"rendered":"<div class=\"wpb-content-wrapper\"><section data-vc-full-width=\"true\" data-vc-full-width-init=\"false\" class=\"vc_row wpb_row vc_row-fluid  vc_custom_1747166290132 wow fadeIn pofo-stretch-content pofo-stretch-row-container vc_row-o-equal-height vc_row-o-content-middle vc_row-flex\"><div class=\"wpb_column vc_column_container vc_col-sm-12 vc_col-md-5 col-xs-mobile-fullwidth sm-text-center pofo-column-responsive-69d35a1050b9e\"><div class=\"vc_column-inner \"><div class=\"wpb_wrapper\"><h5 class=\"text-extra-dark-gray margin-20px-bottom font-weight-600 display-inline-block alt-font text-uppercase heading-style2  heading-1\"  style=\"font-weight: 700;\">Le laboratoire<\/h5><div class=\" vc_custom_1759784908349 last-paragraph-no-margin pofo-text-block-responsive-69d35a1050c19\" style=\"width: 90%;\"><p><span data-contrast=\"auto\">Bien ancr\u00e9 dans le territoire de l&rsquo;Abitibi-T\u00e9miscamingue, le confluences.lab est un laboratoire au sein duquel s&rsquo;articulent des projets de recherche partenariale, de recherche et de recherche-cr\u00e9ation.<\/span><span data-ccp-props=\"{&quot;134233117&quot;:false,&quot;134233118&quot;:false,&quot;335559738&quot;:240,&quot;335559739&quot;:480}\">\u00a0<\/span><\/p>\n<p><span data-contrast=\"auto\">Les activit\u00e9s du laboratoire interrogent le r\u00f4le de la culture au sein d&rsquo;une collectivit\u00e9 gr\u00e2ce \u00e0 la mise en place d&rsquo;activit\u00e9s innovantes en recherche, en cr\u00e9ation et en diffusion des connaissances. Il aspire \u00e0 devenir un centre n\u00e9vralgique au sein duquel se croise les milieux universitaire, culturel, communautaire et industriel.<\/span><span data-ccp-props=\"{&quot;134233117&quot;:false,&quot;134233118&quot;:false,&quot;335559738&quot;:240,&quot;335559739&quot;:480}\">\u00a0<\/span><\/p>\n<p>Le confluences.lab est une unit\u00e9 de recherche rattach\u00e9e \u00e0 l&rsquo;UER en cr\u00e9ation et nouveaux m\u00e9dias de l&rsquo;Universit\u00e9 du Qu\u00e9bec en Abitibi-T\u00e9miscamingue.<\/p>\n<\/div><\/div><\/div><\/div><div class=\"wpb_column vc_column_container vc_col-sm-12 vc_col-md-offset-1 vc_col-md-6 col-xs-mobile-fullwidth text-center\"><div class=\"vc_column-inner \"><div class=\"wpb_wrapper\">[vc_single_image image=\u00a0\u00bb23130&Prime; img_size=\u00a0\u00bbfull\u00a0\u00bb alignment=\u00a0\u00bbcenter\u00a0\u00bb css=\u00a0\u00bb\u00a0\u00bb]<\/div><\/div><\/div><\/section><div class=\"vc_row-full-width vc_clearfix\"><\/div><section data-vc-full-width=\"true\" data-vc-full-width-init=\"false\" class=\"vc_row wpb_row vc_row-fluid  vc_custom_1747166358228 vc_row-has-fill pofo-stretch-content pofo-stretch-row-container\"><div class=\"wpb_column vc_column_container vc_col-sm-4\/5  col-xs-mobile-fullwidth\"><div class=\"vc_column-inner \"><div class=\"wpb_wrapper\"><h5 class=\"text-extra-dark-gray margin-20px-bottom font-weight-600 display-inline-block alt-font text-uppercase heading-style2  vc_custom_1759784976789 pofo-button-responsive-69d35a1050d4c  heading-2\"  style=\"width: 80%;\">Les axes de recherche<\/h5><div class=\" vc_custom_1747165755766 last-paragraph-no-margin pofo-text-block-responsive-69d35a1050d64\" style=\"width: 90%;\"><p style=\"text-align: left;\"><span class=\"TextRun SCXW112632906 BCX0\" lang=\"FR-CA\" xml:lang=\"FR-CA\" data-contrast=\"none\"><span class=\"NormalTextRun SCXW112632906 BCX0\">Quatre grands axes de recherche constituent la programmation du laboratoire. Chaque axe est ici pr\u00e9sent\u00e9 \u00e0 l&rsquo;aide de sous-th\u00e9matiques pouvant y \u00eatre associ\u00e9es :<\/span><\/span><span class=\"EOP SCXW112632906 BCX0\" data-ccp-props=\"{&quot;134233117&quot;:false,&quot;134233118&quot;:false,&quot;335559738&quot;:240,&quot;335559739&quot;:480}\">\u00a0<\/span><\/p>\n<\/div><div class=\"featurebox31 pofo-featurebox featurebox31-1\" ><div class=\"text-light-gray margin-10px-bottom sm-margin-5px-bottom alt-font\"><span class=\"text-deep-pink margin-15px-right pull-left text-large xs-display-block xs-margin-lr-auto xs-width-100\" style=\"color:#009C96; \">AXE 1<\/span><span class=\"text-extra-dark-gray \" style=\"color: #232323;\">D\u00c9VELOPPEMENT ET CONSOLIDATION DES EXPERTISES DANS LES INDUSTRIES CULTURELLES ET CR\u00c9ATIVES<\/span><\/div><div class=\"last-paragraph-no-margin width-90 xs-width-100\"><p>D\u00e9veloppement des comp\u00e9tences cr\u00e9atives<br \/>\nImplication de la rel\u00e8ve dans le secteur cr\u00e9atif en r\u00e9gion<br \/>\nEspaces de cr\u00e9ation, de communication et de d\u00e9veloppement<\/p>\n<\/div><\/div>[vc_empty_space]<div class=\"featurebox31 pofo-featurebox featurebox31-2\" ><div class=\"text-light-gray margin-10px-bottom sm-margin-5px-bottom alt-font\"><span class=\"text-deep-pink margin-15px-right pull-left text-large xs-display-block xs-margin-lr-auto xs-width-100\" style=\"color:#009C96; \">AXE 2<\/span><span class=\"text-extra-dark-gray \" style=\"color: #232323;\">IDENTIT\u00c9, CULTURE ET CONTEXTE INDUSTRIEL<\/span><\/div><div class=\"last-paragraph-no-margin width-90 xs-width-100\"><p>Culture, communication et d\u00e9veloppement \u00e9conomique en contexte industriel<br \/>\nCulture et polarisation des points de vue dans un contexte de crise<br \/>\nD\u00e9veloppement, organisation et rayonnement des sc\u00e8nes culturelles<\/p>\n<\/div><\/div>[vc_empty_space]<div class=\"featurebox31 pofo-featurebox featurebox31-3\" ><div class=\"text-light-gray margin-10px-bottom sm-margin-5px-bottom alt-font\"><span class=\"text-deep-pink margin-15px-right pull-left text-large xs-display-block xs-margin-lr-auto xs-width-100\" style=\"color:#009C96; \">AXE 3<\/span><span class=\"text-extra-dark-gray \" style=\"color: #232323;\">CULTURE, URBANIT\u00c9 ET TERRITOIRE<\/span><\/div><div class=\"last-paragraph-no-margin width-90 xs-width-100\"><p>Territoires et fronti\u00e8res des secteurs culturel et industriel<br \/>\nCulture, exp\u00e9rience et am\u00e9nagement responsable du territoire<br \/>\nTransformation urbaine, histoire et culture<\/p>\n<\/div><\/div>[vc_empty_space]<div class=\"featurebox31 pofo-featurebox featurebox31-4\" ><div class=\"text-light-gray margin-10px-bottom sm-margin-5px-bottom alt-font\"><span class=\"text-deep-pink margin-15px-right pull-left text-large xs-display-block xs-margin-lr-auto xs-width-100\" style=\"color:#009C96; \">AXE 4<\/span><span class=\"text-extra-dark-gray \" style=\"color: #232323;\">CR\u00c9ATION NUM\u00c9RIQUE ET INNOVATION SOCIALE<\/span><\/div><div class=\"last-paragraph-no-margin width-90 xs-width-100\"><p>Usage des nouvelles technologies, exp\u00e9rience, urbanit\u00e9 et territoire<br \/>\nLudification, archive et relation avec la communaut\u00e9<br \/>\nExp\u00e9rimentation et simulation en cr\u00e9ation num\u00e9rique<\/p>\n<\/div><\/div><\/div><\/div><\/div><\/section><div class=\"vc_row-full-width vc_clearfix\"><\/div><section data-vc-full-width=\"true\" data-vc-full-width-init=\"false\" data-vc-stretch-content=\"true\" class=\"vc_row wpb_row vc_row-fluid  vc_custom_1747166308951 wow fadeIn pofo-stretch-content vc_row-o-equal-height vc_row-o-content-middle vc_row-flex\"><div class=\"wpb_column vc_column_container vc_col-has-fill vc_col-sm-12 vc_col-lg-6 vc_col-md-6 vc_col-xs-12 wow fadeInLeft pofo-column-responsive-69d35a1050ef1\"><div class=\"vc_column-inner cover-background bg-position-center-center vc_custom_1758656185718\"><div class=\"wpb_wrapper\"><\/div><\/div><\/div><div class=\"wpb_column vc_column_container vc_col-sm-12 vc_col-lg-6 vc_col-md-6 vc_col-xs-12 wow fadeInRight sm-text-center\"><div class=\"vc_column-inner \"><div class=\"wpb_wrapper\"><div class=\"vc_row wpb_row vc_inner vc_row-fluid  vc_custom_1509696700962 pofo-inner-row-responsive-69d35a1050f58\"><div class=\"wpb_column vc_column_container  col-xs-mobile-fullwidth pofo-column-responsive-69d35a1050f9a\"><div class=\"vc_column-inner \"><div class=\"wpb_wrapper\"><h5 class=\"text-extra-dark-gray margin-20px-bottom font-weight-600 display-inline-block alt-font text-uppercase heading-style2  vc_custom_1759784993758 pofo-button-responsive-69d35a1050fe8  heading-3\"  style=\"font-weight: 700;\">Les objectifs<\/h5><ul class=\"no-padding list-style-4 list-style4-1 \"><li>soutenir et proposer des projets collaboratifs entre les milieux (culturel-communautaire, industriel), l'UER en cr\u00e9ation et nouveaux m\u00e9dias et d'autres unit\u00e9s de l'UQAT; <\/li><li>former et retenir les expertises en d\u00e9veloppement, production et cr\u00e9ation dans le domaine des arts et de la culture; <\/li><li>faire avancer les connaissances et th\u00e9ories dans le domaine de la culture tout en participant au d\u00e9veloppement d'une communaut\u00e9 de pratique; <\/li><li>contribuer \u00e0 la vitalisation et cons\u00e9quemment \u00e0 l'attractivit\u00e9 de l\u2019Abitibi-T\u00e9miscamingue aupr\u00e8s de la rel\u00e8ve des milieux culturels et artistiques. <\/li><\/ul><\/div><\/div><\/div><\/div><\/div><\/div><\/div><\/section><div class=\"vc_row-full-width vc_clearfix\"><\/div>\n<\/div>","protected":false},"excerpt":{"rendered":"Le laboratoireBien ancr\u00e9 dans le territoire de l'Abitibi-T\u00e9miscamingue, le confluences.lab est un laboratoire au sein duquel s'articulent des projets de recherche partenariale, de recherche et de recherche-cr\u00e9ation.\u00a0 Les activit\u00e9s du laboratoire interrogent le r\u00f4le de la culture au sein d'une collectivit\u00e9 gr\u00e2ce \u00e0 la mise en place d'activit\u00e9s innovantes en recherche, en cr\u00e9ation et en diffusion des connaissances. Il aspire \u00e0 devenir un centre n\u00e9vralgique au sein duquel se croise les milieux universitaire, culturel, communautaire et industriel.\u00a0 Le confluences.lab est une unit\u00e9 de recherche rattach\u00e9e \u00e0 l'UER en cr\u00e9ation et nouveaux m\u00e9dias de l'Universit\u00e9 du Qu\u00e9bec en Abitibi-T\u00e9miscamingue. [vc_single_image image=\"23130\" img_size=\"full\" alignment=\"center\" css=\"\"]Les axes de rechercheQuatre grands axes de recherche constituent la programmation du laboratoire. Chaque axe est ici pr\u00e9sent\u00e9 \u00e0 l'aide de sous-th\u00e9matiques pouvant y \u00eatre associ\u00e9es :\u00a0 AXE 1D\u00c9VELOPPEMENT ET CONSOLIDATION DES EXPERTISES DANS LES INDUSTRIES CULTURELLES ET CR\u00c9ATIVESD\u00e9veloppement des comp\u00e9tences cr\u00e9atives Implication de la rel\u00e8ve dans le secteur cr\u00e9atif en r\u00e9gion Espaces de cr\u00e9ation, de communication et de d\u00e9veloppement [vc_empty_space]AXE 2IDENTIT\u00c9, CULTURE ET CONTEXTE INDUSTRIELCulture, communication et d\u00e9veloppement \u00e9conomique en contexte industriel Culture et polarisation des points de vue dans un contexte de crise D\u00e9veloppement, organisation et rayonnement des sc\u00e8nes culturelles [vc_empty_space]AXE 3CULTURE, URBANIT\u00c9 ET TERRITOIRETerritoires et...","protected":false},"author":4,"featured_media":0,"parent":0,"menu_order":0,"comment_status":"closed","ping_status":"closed","template":"","meta":{"footnotes":""},"class_list":["post-22613","page","type-page","status-publish","hentry"],"yoast_head":"<!-- This site is optimized with the Yoast SEO plugin v27.3 - https:\/\/yoast.com\/product\/yoast-seo-wordpress\/ -->\n<title>\u00c0 propos - Confluences Lab<\/title>\n<meta name=\"description\" content=\"Dans le territoire de l&#039;Abitibi-T\u00e9miscamingue, le confluences.lab est un laboratoire au sein duquel s&#039;articulent des projets de recherche.\" \/>\n<meta name=\"robots\" content=\"index, follow, max-snippet:-1, max-image-preview:large, max-video-preview:-1\" \/>\n<link rel=\"canonical\" href=\"https:\/\/confluenceslab.uqat.ca\/index.php\/a-propos\/\" \/>\n<meta property=\"og:locale\" content=\"fr_FR\" \/>\n<meta property=\"og:type\" content=\"article\" \/>\n<meta property=\"og:title\" content=\"\u00c0 propos - Confluences Lab\" \/>\n<meta property=\"og:description\" content=\"Dans le territoire de l&#039;Abitibi-T\u00e9miscamingue, le confluences.lab est un laboratoire au sein duquel s&#039;articulent des projets de recherche.\" \/>\n<meta property=\"og:url\" content=\"https:\/\/confluenceslab.uqat.ca\/index.php\/a-propos\/\" \/>\n<meta property=\"og:site_name\" content=\"Confluences Lab\" \/>\n<meta property=\"article:publisher\" content=\"https:\/\/www.facebook.com\/profile.php?id=61565157950955&amp;mibextid=wwXIfr&amp;rdid=7M0nLWQR684DYodT&amp;share_url=httpswww.facebook.comshare16SV7j2NmgmibextidwwXIfr#\" \/>\n<meta property=\"article:modified_time\" content=\"2025-10-06T21:11:17+00:00\" \/>\n<meta property=\"og:image\" content=\"https:\/\/confluenceslab.uqat.ca\/wp-content\/uploads\/2025\/07\/Confluences-lab-Recherche-Creation-Rouyn-noranda-UQAT.jpg\" \/>\n\t<meta property=\"og:image:width\" content=\"1200\" \/>\n\t<meta property=\"og:image:height\" content=\"900\" \/>\n\t<meta property=\"og:image:type\" content=\"image\/jpeg\" \/>\n<meta name=\"twitter:card\" content=\"summary_large_image\" \/>\n<meta name=\"twitter:site\" content=\"@Facebook\" \/>\n<meta name=\"twitter:label1\" content=\"Dur\u00e9e de lecture estim\u00e9e\" \/>\n\t<meta name=\"twitter:data1\" content=\"3 minutes\" \/>\n<script type=\"application\/ld+json\" class=\"yoast-schema-graph\">{\"@context\":\"https:\\\/\\\/schema.org\",\"@graph\":[{\"@type\":[\"WebPage\",\"AboutPage\"],\"@id\":\"https:\\\/\\\/confluenceslab.uqat.ca\\\/index.php\\\/a-propos\\\/\",\"url\":\"https:\\\/\\\/confluenceslab.uqat.ca\\\/index.php\\\/a-propos\\\/\",\"name\":\"\u00c0 propos - Confluences Lab\",\"isPartOf\":{\"@id\":\"https:\\\/\\\/confluenceslab.uqat.ca\\\/#website\"},\"datePublished\":\"2025-05-13T19:35:40+00:00\",\"dateModified\":\"2025-10-06T21:11:17+00:00\",\"description\":\"Dans le territoire de l'Abitibi-T\u00e9miscamingue, le confluences.lab est un laboratoire au sein duquel s'articulent des projets de recherche.\",\"breadcrumb\":{\"@id\":\"https:\\\/\\\/confluenceslab.uqat.ca\\\/index.php\\\/a-propos\\\/#breadcrumb\"},\"inLanguage\":\"fr-FR\",\"potentialAction\":[{\"@type\":\"ReadAction\",\"target\":[\"https:\\\/\\\/confluenceslab.uqat.ca\\\/index.php\\\/a-propos\\\/\"]}]},{\"@type\":\"BreadcrumbList\",\"@id\":\"https:\\\/\\\/confluenceslab.uqat.ca\\\/index.php\\\/a-propos\\\/#breadcrumb\",\"itemListElement\":[{\"@type\":\"ListItem\",\"position\":1,\"name\":\"Accueil\",\"item\":\"https:\\\/\\\/confluenceslab.uqat.ca\\\/\"},{\"@type\":\"ListItem\",\"position\":2,\"name\":\"\u00c0 propos\"}]},{\"@type\":\"WebSite\",\"@id\":\"https:\\\/\\\/confluenceslab.uqat.ca\\\/#website\",\"url\":\"https:\\\/\\\/confluenceslab.uqat.ca\\\/\",\"name\":\"Confluences Lab\",\"description\":\"Laboratoire de recherche de l&#039;UQAT\",\"publisher\":{\"@id\":\"https:\\\/\\\/confluenceslab.uqat.ca\\\/#organization\"},\"potentialAction\":[{\"@type\":\"SearchAction\",\"target\":{\"@type\":\"EntryPoint\",\"urlTemplate\":\"https:\\\/\\\/confluenceslab.uqat.ca\\\/?s={search_term_string}\"},\"query-input\":{\"@type\":\"PropertyValueSpecification\",\"valueRequired\":true,\"valueName\":\"search_term_string\"}}],\"inLanguage\":\"fr-FR\"},{\"@type\":\"Organization\",\"@id\":\"https:\\\/\\\/confluenceslab.uqat.ca\\\/#organization\",\"name\":\"Confluences Lab de l'UQAT\",\"url\":\"https:\\\/\\\/confluenceslab.uqat.ca\\\/\",\"logo\":{\"@type\":\"ImageObject\",\"inLanguage\":\"fr-FR\",\"@id\":\"https:\\\/\\\/confluenceslab.uqat.ca\\\/#\\\/schema\\\/logo\\\/image\\\/\",\"url\":\"https:\\\/\\\/confluenceslab.uqat.ca\\\/wp-content\\\/uploads\\\/2025\\\/04\\\/Confluences.lab_.png\",\"contentUrl\":\"https:\\\/\\\/confluenceslab.uqat.ca\\\/wp-content\\\/uploads\\\/2025\\\/04\\\/Confluences.lab_.png\",\"width\":1502,\"height\":548,\"caption\":\"Confluences Lab de l'UQAT\"},\"image\":{\"@id\":\"https:\\\/\\\/confluenceslab.uqat.ca\\\/#\\\/schema\\\/logo\\\/image\\\/\"},\"sameAs\":[\"https:\\\/\\\/www.facebook.com\\\/profile.php?id=61565157950955&mibextid=wwXIfr&rdid=7M0nLWQR684DYodT&share_url=httpswww.facebook.comshare16SV7j2NmgmibextidwwXIfr#\",\"https:\\\/\\\/x.com\\\/Facebook\",\"https:\\\/\\\/www.instagram.com\\\/confluenceslab\"]}]}<\/script>\n<!-- \/ Yoast SEO plugin. -->","yoast_head_json":{"title":"\u00c0 propos - Confluences Lab","description":"Dans le territoire de l'Abitibi-T\u00e9miscamingue, le confluences.lab est un laboratoire au sein duquel s'articulent des projets de recherche.","robots":{"index":"index","follow":"follow","max-snippet":"max-snippet:-1","max-image-preview":"max-image-preview:large","max-video-preview":"max-video-preview:-1"},"canonical":"https:\/\/confluenceslab.uqat.ca\/index.php\/a-propos\/","og_locale":"fr_FR","og_type":"article","og_title":"\u00c0 propos - Confluences Lab","og_description":"Dans le territoire de l'Abitibi-T\u00e9miscamingue, le confluences.lab est un laboratoire au sein duquel s'articulent des projets de recherche.","og_url":"https:\/\/confluenceslab.uqat.ca\/index.php\/a-propos\/","og_site_name":"Confluences Lab","article_publisher":"https:\/\/www.facebook.com\/profile.php?id=61565157950955&mibextid=wwXIfr&rdid=7M0nLWQR684DYodT&share_url=httpswww.facebook.comshare16SV7j2NmgmibextidwwXIfr#","article_modified_time":"2025-10-06T21:11:17+00:00","og_image":[{"width":1200,"height":900,"url":"https:\/\/confluenceslab.uqat.ca\/wp-content\/uploads\/2025\/07\/Confluences-lab-Recherche-Creation-Rouyn-noranda-UQAT.jpg","type":"image\/jpeg"}],"twitter_card":"summary_large_image","twitter_site":"@Facebook","twitter_misc":{"Dur\u00e9e de lecture estim\u00e9e":"3 minutes"},"schema":{"@context":"https:\/\/schema.org","@graph":[{"@type":["WebPage","AboutPage"],"@id":"https:\/\/confluenceslab.uqat.ca\/index.php\/a-propos\/","url":"https:\/\/confluenceslab.uqat.ca\/index.php\/a-propos\/","name":"\u00c0 propos - Confluences Lab","isPartOf":{"@id":"https:\/\/confluenceslab.uqat.ca\/#website"},"datePublished":"2025-05-13T19:35:40+00:00","dateModified":"2025-10-06T21:11:17+00:00","description":"Dans le territoire de l'Abitibi-T\u00e9miscamingue, le confluences.lab est un laboratoire au sein duquel s'articulent des projets de recherche.","breadcrumb":{"@id":"https:\/\/confluenceslab.uqat.ca\/index.php\/a-propos\/#breadcrumb"},"inLanguage":"fr-FR","potentialAction":[{"@type":"ReadAction","target":["https:\/\/confluenceslab.uqat.ca\/index.php\/a-propos\/"]}]},{"@type":"BreadcrumbList","@id":"https:\/\/confluenceslab.uqat.ca\/index.php\/a-propos\/#breadcrumb","itemListElement":[{"@type":"ListItem","position":1,"name":"Accueil","item":"https:\/\/confluenceslab.uqat.ca\/"},{"@type":"ListItem","position":2,"name":"\u00c0 propos"}]},{"@type":"WebSite","@id":"https:\/\/confluenceslab.uqat.ca\/#website","url":"https:\/\/confluenceslab.uqat.ca\/","name":"Confluences Lab","description":"Laboratoire de recherche de l&#039;UQAT","publisher":{"@id":"https:\/\/confluenceslab.uqat.ca\/#organization"},"potentialAction":[{"@type":"SearchAction","target":{"@type":"EntryPoint","urlTemplate":"https:\/\/confluenceslab.uqat.ca\/?s={search_term_string}"},"query-input":{"@type":"PropertyValueSpecification","valueRequired":true,"valueName":"search_term_string"}}],"inLanguage":"fr-FR"},{"@type":"Organization","@id":"https:\/\/confluenceslab.uqat.ca\/#organization","name":"Confluences Lab de l'UQAT","url":"https:\/\/confluenceslab.uqat.ca\/","logo":{"@type":"ImageObject","inLanguage":"fr-FR","@id":"https:\/\/confluenceslab.uqat.ca\/#\/schema\/logo\/image\/","url":"https:\/\/confluenceslab.uqat.ca\/wp-content\/uploads\/2025\/04\/Confluences.lab_.png","contentUrl":"https:\/\/confluenceslab.uqat.ca\/wp-content\/uploads\/2025\/04\/Confluences.lab_.png","width":1502,"height":548,"caption":"Confluences Lab de l'UQAT"},"image":{"@id":"https:\/\/confluenceslab.uqat.ca\/#\/schema\/logo\/image\/"},"sameAs":["https:\/\/www.facebook.com\/profile.php?id=61565157950955&mibextid=wwXIfr&rdid=7M0nLWQR684DYodT&share_url=httpswww.facebook.comshare16SV7j2NmgmibextidwwXIfr#","https:\/\/x.com\/Facebook","https:\/\/www.instagram.com\/confluenceslab"]}]}},"_links":{"self":[{"href":"https:\/\/confluenceslab.uqat.ca\/index.php\/wp-json\/wp\/v2\/pages\/22613","targetHints":{"allow":["GET"]}}],"collection":[{"href":"https:\/\/confluenceslab.uqat.ca\/index.php\/wp-json\/wp\/v2\/pages"}],"about":[{"href":"https:\/\/confluenceslab.uqat.ca\/index.php\/wp-json\/wp\/v2\/types\/page"}],"author":[{"embeddable":true,"href":"https:\/\/confluenceslab.uqat.ca\/index.php\/wp-json\/wp\/v2\/users\/4"}],"replies":[{"embeddable":true,"href":"https:\/\/confluenceslab.uqat.ca\/index.php\/wp-json\/wp\/v2\/comments?post=22613"}],"version-history":[{"count":39,"href":"https:\/\/confluenceslab.uqat.ca\/index.php\/wp-json\/wp\/v2\/pages\/22613\/revisions"}],"predecessor-version":[{"id":23155,"href":"https:\/\/confluenceslab.uqat.ca\/index.php\/wp-json\/wp\/v2\/pages\/22613\/revisions\/23155"}],"wp:attachment":[{"href":"https:\/\/confluenceslab.uqat.ca\/index.php\/wp-json\/wp\/v2\/media?parent=22613"}],"curies":[{"name":"wp","href":"https:\/\/api.w.org\/{rel}","templated":true}]}}