{"id":22757,"date":"2025-07-10T14:54:10","date_gmt":"2025-07-10T18:54:10","guid":{"rendered":"https:\/\/confluenceslab.uqat.ca\/?page_id=22757"},"modified":"2025-09-16T13:15:05","modified_gmt":"2025-09-16T17:15:05","slug":"contact","status":"publish","type":"page","link":"https:\/\/confluenceslab.uqat.ca\/index.php\/contact\/","title":{"rendered":"Contact"},"content":{"rendered":"<div class=\"wpb-content-wrapper\"><section id=\"about\" data-vc-full-width=\"true\" data-vc-full-width-init=\"false\" class=\"vc_row wpb_row vc_row-fluid  vc_custom_1509788721579 wow fadeIn vc_column-gap-30 pofo-stretch-content pofo-stretch-row-container vc_row-o-equal-height vc_row-flex pofo-row-responsive-69d3739fa2d73\"><div class=\"wpb_column vc_column_container vc_col-has-fill vc_col-sm-12 vc_col-md-6 vc_col-xs-12 wow fadeInLeft pofo-column-responsive-69d3739fa2dea\"><div class=\"vc_column-inner vc_custom_1752174625519\"><div class=\"wpb_wrapper\">[vc_single_image image=\u00a0\u00bb22761&Prime; img_size=\u00a0\u00bbfull\u00a0\u00bb alignment=\u00a0\u00bbcenter\u00a0\u00bb style=\u00a0\u00bbvc_box_rounded\u00a0\u00bb css=\u00a0\u00bb\u00a0\u00bb]<a  href=\"https:\/\/confluenceslab.uqat.ca\/index.php\/equipe\/\" target=\"_self\" class=\"btn pofo-button-1 button-style1  btn-dark-gray  btn-small   vc_custom_1752174196737\" >En savoir plus sur notre \u00e9quipe<\/a><\/div><\/div><\/div><div class=\"wpb_column vc_column_container vc_col-has-fill vc_col-sm-12 vc_col-md-6 vc_col-xs-12 wow fadeInRight pofo-column-responsive-69d3739fa2e76\"><div class=\"vc_column-inner vc_custom_1752174786692\"><div class=\"wpb_wrapper\">\n<div class=\"wpcf7 no-js\" id=\"wpcf7-f8085-o1\" lang=\"en-US\" dir=\"ltr\" data-wpcf7-id=\"8085\">\n<div class=\"screen-reader-response\"><p role=\"status\" aria-live=\"polite\" aria-atomic=\"true\"><\/p> <ul><\/ul><\/div>\n<form action=\"\/index.php\/wp-json\/wp\/v2\/pages\/22757#wpcf7-f8085-o1\" method=\"post\" class=\"wpcf7-form init\" aria-label=\"Contact form\" novalidate=\"novalidate\" data-status=\"init\">\n<fieldset class=\"hidden-fields-container\"><input type=\"hidden\" name=\"_wpcf7\" value=\"8085\" \/><input type=\"hidden\" name=\"_wpcf7_version\" value=\"6.1.5\" \/><input type=\"hidden\" name=\"_wpcf7_locale\" value=\"en_US\" \/><input type=\"hidden\" name=\"_wpcf7_unit_tag\" value=\"wpcf7-f8085-o1\" \/><input type=\"hidden\" name=\"_wpcf7_container_post\" value=\"0\" \/><input type=\"hidden\" name=\"_wpcf7_posted_data_hash\" value=\"\" \/>\n<\/fieldset>\n<p><span class=\"text-extra-dark-gray alt-font text-large font-weight-600 margin-0px-bottom display-block\">Une question, une id\u00e9e, une envie de collaborer ?<\/span><br \/>\nRemplissez le formulaire et un membre de notre \u00e9quipe vous r\u00e9pondra dans les plus brefs d\u00e9lais.\n<\/p>\n<div>\n\t<p><span class=\"wpcf7-form-control-wrap\" data-name=\"contact-name\"><input size=\"40\" maxlength=\"400\" class=\"wpcf7-form-control wpcf7-text wpcf7-validates-as-required border-radius-4 bg-white medium-input\" aria-required=\"true\" aria-invalid=\"false\" placeholder=\"Pr\u00e9nom*\" value=\"\" type=\"text\" name=\"contact-name\" \/><\/span><br \/>\n<span class=\"wpcf7-form-control-wrap\" data-name=\"contact-lname\"><input size=\"40\" maxlength=\"400\" class=\"wpcf7-form-control wpcf7-text wpcf7-validates-as-required border-radius-4 bg-white medium-input\" aria-required=\"true\" aria-invalid=\"false\" placeholder=\"Nom*\" value=\"\" type=\"text\" name=\"contact-lname\" \/><\/span><br \/>\n<span class=\"wpcf7-form-control-wrap\" data-name=\"contact-email\"><input size=\"40\" maxlength=\"400\" class=\"wpcf7-form-control wpcf7-email wpcf7-validates-as-required wpcf7-text wpcf7-validates-as-email border-radius-4 bg-white medium-input\" aria-required=\"true\" aria-invalid=\"false\" placeholder=\"Courriel*\" value=\"\" type=\"email\" name=\"contact-email\" \/><\/span><br \/>\n<span class=\"wpcf7-form-control-wrap\" data-name=\"contact-phone\"><input size=\"40\" maxlength=\"400\" class=\"wpcf7-form-control wpcf7-text wpcf7-validates-as-required border-radius-4 bg-white medium-input\" aria-required=\"true\" aria-invalid=\"false\" placeholder=\"Num\u00e9ro de t\u00e9l\u00e9phone*\" value=\"\" type=\"text\" name=\"contact-phone\" \/><\/span><br \/>\n<span class=\"wpcf7-form-control-wrap\" data-name=\"contact-subject\"><input size=\"40\" maxlength=\"400\" class=\"wpcf7-form-control wpcf7-text border-radius-4 bg-white medium-input\" aria-invalid=\"false\" placeholder=\"Sujet\" value=\"\" type=\"text\" name=\"contact-subject\" \/><\/span><br \/>\n<span class=\"wpcf7-form-control-wrap\" data-name=\"contact-message\"><textarea cols=\"40\" rows=\"3\" maxlength=\"2000\" class=\"wpcf7-form-control wpcf7-textarea xs-margin-20px-bottom border-radius-4 bg-white medium-input\" aria-invalid=\"false\" placeholder=\"Message\" name=\"contact-message\"><\/textarea><\/span><br \/>\n<input class=\"wpcf7-form-control wpcf7-submit has-spinner btn btn-small border-radius-4 btn-black\" type=\"submit\" value=\"Envoyer\" \/>\n\t<\/p>\n<\/div><div class=\"wpcf7-response-output\" aria-hidden=\"true\"><\/div>\n<\/form>\n<\/div>\n<\/div><\/div><\/div><\/section><div class=\"vc_row-full-width vc_clearfix\"><\/div>\n<\/div>","protected":false},"excerpt":{"rendered":"[vc_single_image image=\"22761\" img_size=\"full\" alignment=\"center\" style=\"vc_box_rounded\" css=\"\"]En savoir plus sur notre \u00e9quipe Une question, une id\u00e9e, une envie de collaborer ? Remplissez le formulaire et un membre de notre \u00e9quipe vous r\u00e9pondra dans les plus brefs d\u00e9lais.","protected":false},"author":4,"featured_media":0,"parent":0,"menu_order":0,"comment_status":"closed","ping_status":"closed","template":"","meta":{"footnotes":""},"class_list":["post-22757","page","type-page","status-publish","hentry"],"yoast_head":"<!-- This site is optimized with the Yoast SEO plugin v27.3 - https:\/\/yoast.com\/product\/yoast-seo-wordpress\/ -->\n<title>Contact - Confluences Lab<\/title>\n<meta name=\"description\" content=\"Une question, une id\u00e9e, une envie de collaborer sur un projet de recherche-cr\u00e9ation avec le Confluences lab de l&#039;UQAT?\" \/>\n<meta name=\"robots\" content=\"index, follow, max-snippet:-1, max-image-preview:large, max-video-preview:-1\" \/>\n<link rel=\"canonical\" href=\"https:\/\/confluenceslab.uqat.ca\/index.php\/contact\/\" \/>\n<meta property=\"og:locale\" content=\"fr_FR\" \/>\n<meta property=\"og:type\" content=\"article\" \/>\n<meta property=\"og:title\" content=\"Contact - Confluences Lab\" \/>\n<meta property=\"og:description\" content=\"Une question, une id\u00e9e, une envie de collaborer sur un projet de recherche-cr\u00e9ation avec le Confluences lab de l&#039;UQAT?\" \/>\n<meta property=\"og:url\" content=\"https:\/\/confluenceslab.uqat.ca\/index.php\/contact\/\" \/>\n<meta property=\"og:site_name\" content=\"Confluences Lab\" \/>\n<meta property=\"article:publisher\" content=\"https:\/\/www.facebook.com\/profile.php?id=61565157950955&amp;mibextid=wwXIfr&amp;rdid=7M0nLWQR684DYodT&amp;share_url=httpswww.facebook.comshare16SV7j2NmgmibextidwwXIfr#\" \/>\n<meta property=\"article:modified_time\" content=\"2025-09-16T17:15:05+00:00\" \/>\n<meta property=\"og:image\" content=\"https:\/\/confluenceslab.uqat.ca\/wp-content\/uploads\/2025\/07\/Confluences-Lab-UQAT-CNM-Equipe-Contact.jpg\" \/>\n\t<meta property=\"og:image:width\" content=\"1000\" \/>\n\t<meta property=\"og:image:height\" content=\"666\" \/>\n\t<meta property=\"og:image:type\" content=\"image\/jpeg\" \/>\n<meta name=\"twitter:card\" content=\"summary_large_image\" \/>\n<meta name=\"twitter:site\" content=\"@Facebook\" \/>\n<meta name=\"twitter:label1\" content=\"Dur\u00e9e de lecture estim\u00e9e\" \/>\n\t<meta name=\"twitter:data1\" content=\"1 minute\" \/>\n<script type=\"application\/ld+json\" class=\"yoast-schema-graph\">{\"@context\":\"https:\\\/\\\/schema.org\",\"@graph\":[{\"@type\":[\"WebPage\",\"ContactPage\"],\"@id\":\"https:\\\/\\\/confluenceslab.uqat.ca\\\/index.php\\\/contact\\\/\",\"url\":\"https:\\\/\\\/confluenceslab.uqat.ca\\\/index.php\\\/contact\\\/\",\"name\":\"Contact - Confluences Lab\",\"isPartOf\":{\"@id\":\"https:\\\/\\\/confluenceslab.uqat.ca\\\/#website\"},\"datePublished\":\"2025-07-10T18:54:10+00:00\",\"dateModified\":\"2025-09-16T17:15:05+00:00\",\"description\":\"Une question, une id\u00e9e, une envie de collaborer sur un projet de recherche-cr\u00e9ation avec le Confluences lab de l'UQAT?\",\"breadcrumb\":{\"@id\":\"https:\\\/\\\/confluenceslab.uqat.ca\\\/index.php\\\/contact\\\/#breadcrumb\"},\"inLanguage\":\"fr-FR\",\"potentialAction\":[{\"@type\":\"ReadAction\",\"target\":[\"https:\\\/\\\/confluenceslab.uqat.ca\\\/index.php\\\/contact\\\/\"]}]},{\"@type\":\"BreadcrumbList\",\"@id\":\"https:\\\/\\\/confluenceslab.uqat.ca\\\/index.php\\\/contact\\\/#breadcrumb\",\"itemListElement\":[{\"@type\":\"ListItem\",\"position\":1,\"name\":\"Accueil\",\"item\":\"https:\\\/\\\/confluenceslab.uqat.ca\\\/\"},{\"@type\":\"ListItem\",\"position\":2,\"name\":\"Contact\"}]},{\"@type\":\"WebSite\",\"@id\":\"https:\\\/\\\/confluenceslab.uqat.ca\\\/#website\",\"url\":\"https:\\\/\\\/confluenceslab.uqat.ca\\\/\",\"name\":\"Confluences Lab\",\"description\":\"Laboratoire de recherche de l&#039;UQAT\",\"publisher\":{\"@id\":\"https:\\\/\\\/confluenceslab.uqat.ca\\\/#organization\"},\"potentialAction\":[{\"@type\":\"SearchAction\",\"target\":{\"@type\":\"EntryPoint\",\"urlTemplate\":\"https:\\\/\\\/confluenceslab.uqat.ca\\\/?s={search_term_string}\"},\"query-input\":{\"@type\":\"PropertyValueSpecification\",\"valueRequired\":true,\"valueName\":\"search_term_string\"}}],\"inLanguage\":\"fr-FR\"},{\"@type\":\"Organization\",\"@id\":\"https:\\\/\\\/confluenceslab.uqat.ca\\\/#organization\",\"name\":\"Confluences Lab de l'UQAT\",\"url\":\"https:\\\/\\\/confluenceslab.uqat.ca\\\/\",\"logo\":{\"@type\":\"ImageObject\",\"inLanguage\":\"fr-FR\",\"@id\":\"https:\\\/\\\/confluenceslab.uqat.ca\\\/#\\\/schema\\\/logo\\\/image\\\/\",\"url\":\"https:\\\/\\\/confluenceslab.uqat.ca\\\/wp-content\\\/uploads\\\/2025\\\/04\\\/Confluences.lab_.png\",\"contentUrl\":\"https:\\\/\\\/confluenceslab.uqat.ca\\\/wp-content\\\/uploads\\\/2025\\\/04\\\/Confluences.lab_.png\",\"width\":1502,\"height\":548,\"caption\":\"Confluences Lab de l'UQAT\"},\"image\":{\"@id\":\"https:\\\/\\\/confluenceslab.uqat.ca\\\/#\\\/schema\\\/logo\\\/image\\\/\"},\"sameAs\":[\"https:\\\/\\\/www.facebook.com\\\/profile.php?id=61565157950955&mibextid=wwXIfr&rdid=7M0nLWQR684DYodT&share_url=httpswww.facebook.comshare16SV7j2NmgmibextidwwXIfr#\",\"https:\\\/\\\/x.com\\\/Facebook\",\"https:\\\/\\\/www.instagram.com\\\/confluenceslab\"]}]}<\/script>\n<!-- \/ Yoast SEO plugin. -->","yoast_head_json":{"title":"Contact - Confluences Lab","description":"Une question, une id\u00e9e, une envie de collaborer sur un projet de recherche-cr\u00e9ation avec le Confluences lab de l'UQAT?","robots":{"index":"index","follow":"follow","max-snippet":"max-snippet:-1","max-image-preview":"max-image-preview:large","max-video-preview":"max-video-preview:-1"},"canonical":"https:\/\/confluenceslab.uqat.ca\/index.php\/contact\/","og_locale":"fr_FR","og_type":"article","og_title":"Contact - Confluences Lab","og_description":"Une question, une id\u00e9e, une envie de collaborer sur un projet de recherche-cr\u00e9ation avec le Confluences lab de l'UQAT?","og_url":"https:\/\/confluenceslab.uqat.ca\/index.php\/contact\/","og_site_name":"Confluences Lab","article_publisher":"https:\/\/www.facebook.com\/profile.php?id=61565157950955&mibextid=wwXIfr&rdid=7M0nLWQR684DYodT&share_url=httpswww.facebook.comshare16SV7j2NmgmibextidwwXIfr#","article_modified_time":"2025-09-16T17:15:05+00:00","og_image":[{"width":1000,"height":666,"url":"https:\/\/confluenceslab.uqat.ca\/wp-content\/uploads\/2025\/07\/Confluences-Lab-UQAT-CNM-Equipe-Contact.jpg","type":"image\/jpeg"}],"twitter_card":"summary_large_image","twitter_site":"@Facebook","twitter_misc":{"Dur\u00e9e de lecture estim\u00e9e":"1 minute"},"schema":{"@context":"https:\/\/schema.org","@graph":[{"@type":["WebPage","ContactPage"],"@id":"https:\/\/confluenceslab.uqat.ca\/index.php\/contact\/","url":"https:\/\/confluenceslab.uqat.ca\/index.php\/contact\/","name":"Contact - Confluences Lab","isPartOf":{"@id":"https:\/\/confluenceslab.uqat.ca\/#website"},"datePublished":"2025-07-10T18:54:10+00:00","dateModified":"2025-09-16T17:15:05+00:00","description":"Une question, une id\u00e9e, une envie de collaborer sur un projet de recherche-cr\u00e9ation avec le Confluences lab de l'UQAT?","breadcrumb":{"@id":"https:\/\/confluenceslab.uqat.ca\/index.php\/contact\/#breadcrumb"},"inLanguage":"fr-FR","potentialAction":[{"@type":"ReadAction","target":["https:\/\/confluenceslab.uqat.ca\/index.php\/contact\/"]}]},{"@type":"BreadcrumbList","@id":"https:\/\/confluenceslab.uqat.ca\/index.php\/contact\/#breadcrumb","itemListElement":[{"@type":"ListItem","position":1,"name":"Accueil","item":"https:\/\/confluenceslab.uqat.ca\/"},{"@type":"ListItem","position":2,"name":"Contact"}]},{"@type":"WebSite","@id":"https:\/\/confluenceslab.uqat.ca\/#website","url":"https:\/\/confluenceslab.uqat.ca\/","name":"Confluences Lab","description":"Laboratoire de recherche de l&#039;UQAT","publisher":{"@id":"https:\/\/confluenceslab.uqat.ca\/#organization"},"potentialAction":[{"@type":"SearchAction","target":{"@type":"EntryPoint","urlTemplate":"https:\/\/confluenceslab.uqat.ca\/?s={search_term_string}"},"query-input":{"@type":"PropertyValueSpecification","valueRequired":true,"valueName":"search_term_string"}}],"inLanguage":"fr-FR"},{"@type":"Organization","@id":"https:\/\/confluenceslab.uqat.ca\/#organization","name":"Confluences Lab de l'UQAT","url":"https:\/\/confluenceslab.uqat.ca\/","logo":{"@type":"ImageObject","inLanguage":"fr-FR","@id":"https:\/\/confluenceslab.uqat.ca\/#\/schema\/logo\/image\/","url":"https:\/\/confluenceslab.uqat.ca\/wp-content\/uploads\/2025\/04\/Confluences.lab_.png","contentUrl":"https:\/\/confluenceslab.uqat.ca\/wp-content\/uploads\/2025\/04\/Confluences.lab_.png","width":1502,"height":548,"caption":"Confluences Lab de l'UQAT"},"image":{"@id":"https:\/\/confluenceslab.uqat.ca\/#\/schema\/logo\/image\/"},"sameAs":["https:\/\/www.facebook.com\/profile.php?id=61565157950955&mibextid=wwXIfr&rdid=7M0nLWQR684DYodT&share_url=httpswww.facebook.comshare16SV7j2NmgmibextidwwXIfr#","https:\/\/x.com\/Facebook","https:\/\/www.instagram.com\/confluenceslab"]}]}},"_links":{"self":[{"href":"https:\/\/confluenceslab.uqat.ca\/index.php\/wp-json\/wp\/v2\/pages\/22757","targetHints":{"allow":["GET"]}}],"collection":[{"href":"https:\/\/confluenceslab.uqat.ca\/index.php\/wp-json\/wp\/v2\/pages"}],"about":[{"href":"https:\/\/confluenceslab.uqat.ca\/index.php\/wp-json\/wp\/v2\/types\/page"}],"author":[{"embeddable":true,"href":"https:\/\/confluenceslab.uqat.ca\/index.php\/wp-json\/wp\/v2\/users\/4"}],"replies":[{"embeddable":true,"href":"https:\/\/confluenceslab.uqat.ca\/index.php\/wp-json\/wp\/v2\/comments?post=22757"}],"version-history":[{"count":15,"href":"https:\/\/confluenceslab.uqat.ca\/index.php\/wp-json\/wp\/v2\/pages\/22757\/revisions"}],"predecessor-version":[{"id":22854,"href":"https:\/\/confluenceslab.uqat.ca\/index.php\/wp-json\/wp\/v2\/pages\/22757\/revisions\/22854"}],"wp:attachment":[{"href":"https:\/\/confluenceslab.uqat.ca\/index.php\/wp-json\/wp\/v2\/media?parent=22757"}],"curies":[{"name":"wp","href":"https:\/\/api.w.org\/{rel}","templated":true}]}}